{"id":2454,"date":"2025-04-14T12:05:56","date_gmt":"2025-04-14T10:05:56","guid":{"rendered":"https:\/\/www.energydrink.fr\/our-commitments\/"},"modified":"2025-11-14T09:13:44","modified_gmt":"2025-11-14T08:13:44","slug":"our-commitments","status":"publish","type":"page","link":"https:\/\/www.energydrink.fr\/en\/our-commitments\/","title":{"rendered":"Our commitments"},"content":{"rendered":"\n<div class=\"wp-block-cover alignfull is-light has-custom-content-position is-position-top-center engagments-hero hero-banner\"><video class=\"wp-block-cover__video-background intrinsic-ignore\" autoplay muted loop playsinline src=\"https:\/\/www.energydrink.fr\/wp-content\/uploads\/2025\/05\/IMG_9470.mp4\" data-object-fit=\"cover\"><\/video><span aria-hidden=\"true\" class=\"wp-block-cover__background has-custom-anthracite-background-color has-background-dim\"><\/span><div class=\"wp-block-cover__inner-container has-global-padding is-layout-constrained wp-block-cover-is-layout-constrained\">\n<p class=\"hero-banner__breadcrumb\" style=\"padding-bottom:0\"><nav  aria-label=\"breadcrumb\"><ol class=\"breadcrumb\" itemscope itemtype=\"https:\/\/schema.org\/BreadcrumbList\"><li class=\"breadcrumb-item active\" aria-current=\"page\" itemprop=\"itemListElement\" itemscope itemtype=\"https:\/\/schema.org\/ListItem\"><span itemprop=\"name\">Home<\/span><meta itemprop=\"position\" content=\"1\"><\/li><\/ol><\/nav><\/p>\n\n\n\n<h1 class=\"wp-block-heading has-text-align-center hero-banner__title has-blanc-color has-text-color has-link-color has-xxx-large-font-size wp-elements-f0080321b88e76e33dde5ab4edaa36f3\" style=\"padding-top:var(--wp--preset--spacing--70);padding-bottom:var(--wp--preset--spacing--50);text-transform:uppercase\">Our commitments<\/h1>\n\n\n\n<h2 class=\"wp-block-heading has-text-align-center hero-banner__text has-custom-gris-clair-color has-text-color has-link-color has-x-large-font-size wp-elements-a2dbb3bf3e5144f06b21ff7c7fdb5431\">French energy drink player<br\/>for 29 years<\/h2>\n<\/div><\/div>\n\n<div class=\"wp-block-group alignfull engagments-introduction has-global-padding is-layout-constrained wp-block-group-is-layout-constrained\">\n<div class=\"wp-block-outermost-icon-block alignfull engagments-introduction__wave wave-1\"><div class=\"icon-container\" style=\"width:100vw;transform:rotate(0deg) scaleX(1) scaleY(1)\"><svg xmlns=\"http:\/\/www.w3.org\/2000\/svg\" width=\"1370\" height=\"118\" viewbox=\"0 0 1370 118\" fill=\"none\"><path d=\"M550.165 53.3371C366.945 75.3068 179.961 84.2353 0 35.7514V118H1370V35.7514C1263.42 7.03689 1153 -2.25947 1042.87 0.447842C877.427 4.51352 714.12 33.6784 550.165 53.3371Z\" fill=\"white\"><\/path><\/svg><\/div><\/div>\n\n\n\n<div class=\"wp-block-group alignfull engagments-introduction__container has-blanc-background-color has-background has-global-padding is-layout-constrained wp-block-group-is-layout-constrained\" style=\"padding-top:var(--wp--preset--spacing--80)\">\n<figure class=\"wp-block-image size-large fruit kiwi translate-left\"><img alt=\"Kiwi pour boisson \u00e9nergisante\" decoding=\"async\" width=\"1024\" height=\"1024\" src=\"https:\/\/www.energydrink.fr\/wp-content\/uploads\/2025\/04\/kiwi-1024x1024.webp\" alt=\"\" class=\"wp-image-191\" style=\"object-fit:cover\" srcset=\"https:\/\/www.energydrink.fr\/wp-content\/uploads\/2025\/04\/kiwi-1024x1024.webp 1024w, https:\/\/www.energydrink.fr\/wp-content\/uploads\/2025\/04\/kiwi-300x300.webp 300w, https:\/\/www.energydrink.fr\/wp-content\/uploads\/2025\/04\/kiwi-150x150.webp 150w, https:\/\/www.energydrink.fr\/wp-content\/uploads\/2025\/04\/kiwi-768x768.webp 768w, https:\/\/www.energydrink.fr\/wp-content\/uploads\/2025\/04\/kiwi-1536x1536.webp 1536w, https:\/\/www.energydrink.fr\/wp-content\/uploads\/2025\/04\/kiwi.webp 2048w\" sizes=\"(max-width: 1024px) 100vw, 1024px\" \/><\/figure>\n\n\n\n<div class=\"wp-block-group engagments-introduction__row row-1 odd has-global-padding is-content-justification-left is-layout-constrained wp-container-core-group-is-layout-0f0a7df8 wp-block-group-is-layout-constrained\" style=\"padding-bottom:var(--wp--preset--spacing--80)\">\n<div class=\"wp-block-group engagments-introduction__row__col left has-global-padding is-layout-constrained wp-block-group-is-layout-constrained\">\n<figure class=\"wp-block-image size-full has-custom-border engagments-introduction__row__decorative-elem thunder thunder-1 translate-down\"><img alt=\"Eclair de boisson \u00e9nergisante\" decoding=\"async\" width=\"707\" height=\"944\" src=\"https:\/\/www.energydrink.fr\/wp-content\/uploads\/2025\/04\/thunder-1.png\" alt=\"\" class=\"wp-image-79\" style=\"border-radius:15px;object-fit:cover\" srcset=\"https:\/\/www.energydrink.fr\/wp-content\/uploads\/2025\/04\/thunder-1.png 707w, https:\/\/www.energydrink.fr\/wp-content\/uploads\/2025\/04\/thunder-1-225x300.png 225w\" sizes=\"(max-width: 707px) 100vw, 707px\" \/><\/figure>\n\n\n\n<figure class=\"wp-block-image size-large has-custom-border engagments-introduction__row__img\"><img alt=\"boisson \u00e9nergisante fruit du dragon\" decoding=\"async\" width=\"1024\" height=\"683\" src=\"https:\/\/www.energydrink.fr\/wp-content\/uploads\/2025\/08\/23-1024x683.webp\" alt=\"\" class=\"wp-image-1814\" style=\"border-radius:15px;object-fit:cover\" srcset=\"https:\/\/www.energydrink.fr\/wp-content\/uploads\/2025\/08\/23-1024x683.webp 1024w, https:\/\/www.energydrink.fr\/wp-content\/uploads\/2025\/08\/23-300x200.webp 300w, https:\/\/www.energydrink.fr\/wp-content\/uploads\/2025\/08\/23-768x512.webp 768w, https:\/\/www.energydrink.fr\/wp-content\/uploads\/2025\/08\/23-1536x1024.webp 1536w\" sizes=\"(max-width: 1024px) 100vw, 1024px\" \/><\/figure>\n<\/div>\n\n\n\n<div class=\"wp-block-group engagments-introduction__row__col right has-global-padding is-content-justification-left is-layout-constrained wp-container-core-group-is-layout-12dd3699 wp-block-group-is-layout-constrained\">\n<h2 class=\"wp-block-heading engagments-introduction__row__title\" style=\"padding-bottom:var(--wp--preset--spacing--40)\">Choice of ingredients and rigorous selection of suppliers<\/h2>\n\n\n\n<p class=\"has-text-align-left engagments-introduction__row__text has-custom-gris-fonce-color has-text-color has-link-color wp-elements-bd16ba0f8d8090989b235f14e3f69ea5\" style=\"padding-bottom:0\">We rigorously select our suppliers, focusing on quality, transparency and innovation. We work with the industry&#8217;s benchmark players &#8211; the same ones chosen by the major groups &#8211; to guarantee you premium recipes. Our aim: to use only the best ingredients for unique, responsible recipes.  <\/p>\n<\/div>\n<\/div>\n\n\n\n<div class=\"wp-block-group engagments-introduction__row row-2 even has-global-padding is-content-justification-left is-layout-constrained wp-container-core-group-is-layout-0f0a7df8 wp-block-group-is-layout-constrained\" style=\"padding-bottom:var(--wp--preset--spacing--80)\">\n<div class=\"wp-block-group engagments-introduction__row__col left has-global-padding is-layout-constrained wp-block-group-is-layout-constrained\">\n<figure class=\"wp-block-image size-full has-custom-border engagments-introduction__row__decorative-elem fruit citron translate-up\"><img alt=\"Citron pour boisson \u00e9nergisante\" decoding=\"async\" width=\"366\" height=\"366\" src=\"https:\/\/www.energydrink.fr\/wp-content\/uploads\/2025\/04\/citron-1.webp\" alt=\"\" class=\"wp-image-265\" style=\"border-radius:15px;object-fit:cover\" srcset=\"https:\/\/www.energydrink.fr\/wp-content\/uploads\/2025\/04\/citron-1.webp 366w, https:\/\/www.energydrink.fr\/wp-content\/uploads\/2025\/04\/citron-1-300x300.webp 300w, https:\/\/www.energydrink.fr\/wp-content\/uploads\/2025\/04\/citron-1-150x150.webp 150w\" sizes=\"(max-width: 366px) 100vw, 366px\" \/><\/figure>\n\n\n\n<figure class=\"wp-block-image size-full has-custom-border engagments-introduction__row__img\"><img alt=\"boisson \u00e9nergisante production\" decoding=\"async\" width=\"1200\" height=\"800\" src=\"https:\/\/www.energydrink.fr\/wp-content\/uploads\/2025\/07\/controle-alimentaire.webp\" alt=\"\" class=\"wp-image-1467\" style=\"border-radius:15px;object-fit:cover\" srcset=\"https:\/\/www.energydrink.fr\/wp-content\/uploads\/2025\/07\/controle-alimentaire.webp 1200w, https:\/\/www.energydrink.fr\/wp-content\/uploads\/2025\/07\/controle-alimentaire-300x200.webp 300w, https:\/\/www.energydrink.fr\/wp-content\/uploads\/2025\/07\/controle-alimentaire-1024x683.webp 1024w, https:\/\/www.energydrink.fr\/wp-content\/uploads\/2025\/07\/controle-alimentaire-768x512.webp 768w\" sizes=\"(max-width: 1200px) 100vw, 1200px\" \/><\/figure>\n<\/div>\n\n\n\n<div class=\"wp-block-group engagments-introduction__row__col right has-global-padding is-content-justification-left is-layout-constrained wp-container-core-group-is-layout-12dd3699 wp-block-group-is-layout-constrained\">\n<h2 class=\"wp-block-heading engagments-introduction__row__title\" style=\"padding-bottom:var(--wp--preset--spacing--40)\">Food control and traceability of our products<\/h2>\n\n\n\n<p class=\"has-text-align-left engagments-introduction__row__text has-custom-gris-fonce-color has-text-color has-link-color wp-elements-82590173cf8bfaa97e714157a67101a9\" style=\"padding-bottom:0\">We ensure rigorous monitoring at every stage. From the selection of ingredients to delivery, each production run undergoes strict laboratory analysis and quality control. Thanks to our own EMB number and a batch number traceability system, we can guarantee the transparency and safety of all our beverages.  <\/p>\n<\/div>\n<\/div>\n\n\n\n<div class=\"wp-block-group engagments-introduction__row row-3 odd has-global-padding is-content-justification-left is-layout-constrained wp-container-core-group-is-layout-0f0a7df8 wp-block-group-is-layout-constrained\" style=\"padding-bottom:var(--wp--preset--spacing--80)\">\n<div class=\"wp-block-group engagments-introduction__row__col left has-global-padding is-layout-constrained wp-block-group-is-layout-constrained\">\n<figure class=\"wp-block-image size-full has-custom-border engagments-introduction__row__decorative-elem fruit myrtille translate-down\"><img alt=\"myrtille ingr\u00e9dient boisson \u00e9nergisante\" decoding=\"async\" width=\"1361\" height=\"1240\" src=\"https:\/\/www.energydrink.fr\/wp-content\/uploads\/2025\/04\/myrtille-1.webp\" alt=\"\" class=\"wp-image-659\" style=\"border-radius:15px;object-fit:cover\" srcset=\"https:\/\/www.energydrink.fr\/wp-content\/uploads\/2025\/04\/myrtille-1.webp 1361w, https:\/\/www.energydrink.fr\/wp-content\/uploads\/2025\/04\/myrtille-1-300x273.webp 300w, https:\/\/www.energydrink.fr\/wp-content\/uploads\/2025\/04\/myrtille-1-1024x933.webp 1024w, https:\/\/www.energydrink.fr\/wp-content\/uploads\/2025\/04\/myrtille-1-768x700.webp 768w\" sizes=\"(max-width: 1361px) 100vw, 1361px\" \/><\/figure>\n\n\n\n<figure class=\"wp-block-image size-full has-custom-border engagments-introduction__row__img\"><img alt=\"boisson \u00e9nergisante production palette\" decoding=\"async\" width=\"1200\" height=\"800\" src=\"https:\/\/www.energydrink.fr\/wp-content\/uploads\/2025\/07\/palette.webp\" alt=\"\" class=\"wp-image-1476\" style=\"border-radius:15px;object-fit:cover\" srcset=\"https:\/\/www.energydrink.fr\/wp-content\/uploads\/2025\/07\/palette.webp 1200w, https:\/\/www.energydrink.fr\/wp-content\/uploads\/2025\/07\/palette-300x200.webp 300w, https:\/\/www.energydrink.fr\/wp-content\/uploads\/2025\/07\/palette-1024x683.webp 1024w, https:\/\/www.energydrink.fr\/wp-content\/uploads\/2025\/07\/palette-768x512.webp 768w\" sizes=\"(max-width: 1200px) 100vw, 1200px\" \/><\/figure>\n<\/div>\n\n\n\n<div class=\"wp-block-group engagments-introduction__row__col right has-global-padding is-content-justification-left is-layout-constrained wp-container-core-group-is-layout-12dd3699 wp-block-group-is-layout-constrained\">\n<h2 class=\"wp-block-heading engagments-introduction__row__title\" style=\"padding-bottom:var(--wp--preset--spacing--40)\">Reducing consumption and waste<\/h2>\n\n\n\n<p class=\"has-text-align-left engagments-introduction__row__text has-custom-gris-fonce-color has-text-color has-link-color wp-elements-0ce0c8fa02c48945763fdd630108a4ce\" style=\"padding-bottom:0\">We reduce the use of plastic and cardboard as much as possible. This is why we have integrated a new technology that has already enabled us to reduce our consumption of single-use plastic by 23% in 2024, with a target of -48% in 2025. These efforts enable us to offer more ecological and responsible solutions, while reducing the amount of waste we produce.  <\/p>\n<\/div>\n<\/div>\n\n\n\n<div class=\"wp-block-group engagments-introduction__row row-4 even has-global-padding is-content-justification-left is-layout-constrained wp-container-core-group-is-layout-0f0a7df8 wp-block-group-is-layout-constrained\" style=\"padding-bottom:var(--wp--preset--spacing--80)\">\n<div class=\"wp-block-group engagments-introduction__row__col left has-global-padding is-layout-constrained wp-block-group-is-layout-constrained\">\n<figure class=\"wp-block-image size-full has-custom-border engagments-introduction__row__img\"><img alt=\"boisson \u00e9nergisante production\" decoding=\"async\" width=\"1200\" height=\"800\" src=\"https:\/\/www.energydrink.fr\/wp-content\/uploads\/2025\/07\/canette-mouvement.webp\" alt=\"\" class=\"wp-image-1470\" style=\"border-radius:15px;object-fit:cover\" srcset=\"https:\/\/www.energydrink.fr\/wp-content\/uploads\/2025\/07\/canette-mouvement.webp 1200w, https:\/\/www.energydrink.fr\/wp-content\/uploads\/2025\/07\/canette-mouvement-300x200.webp 300w, https:\/\/www.energydrink.fr\/wp-content\/uploads\/2025\/07\/canette-mouvement-1024x683.webp 1024w, https:\/\/www.energydrink.fr\/wp-content\/uploads\/2025\/07\/canette-mouvement-768x512.webp 768w\" sizes=\"(max-width: 1200px) 100vw, 1200px\" \/><\/figure>\n<\/div>\n\n\n\n<div class=\"wp-block-group engagments-introduction__row__col right has-global-padding is-content-justification-left is-layout-constrained wp-container-core-group-is-layout-12dd3699 wp-block-group-is-layout-constrained\">\n<h2 class=\"wp-block-heading engagments-introduction__row__title\" style=\"padding-bottom:var(--wp--preset--spacing--40)\">Infinitely recyclable cans and responsible packaging<\/h2>\n\n\n\n<p class=\"has-text-align-left engagments-introduction__row__text has-custom-gris-fonce-color has-text-color has-link-color wp-elements-79209e1617253ba798fddf410bca17e7\" style=\"padding-bottom:0\">We are committed to reducing our environmental impact by using 3 environmentally-friendly packaging options:<br\/>\u2714 Cans made from recycled and infinitely recyclable aluminum<br\/>\u2714 RPET bottles incorporating 30% recycled plastic<br\/>\u2714 Bag In Boxes in 20-kilo format, which make it possible to produce 120 liters of finished product from a single carton.<br\/>Each of our containers is also periodically reviewed to ensure that it is as light as possible.<\/p>\n<\/div>\n<\/div>\n\n\n\n<div class=\"wp-block-group engagments-introduction__row row-5 odd has-global-padding is-content-justification-left is-layout-constrained wp-container-core-group-is-layout-0f0a7df8 wp-block-group-is-layout-constrained\" style=\"padding-bottom:var(--wp--preset--spacing--80)\">\n<div class=\"wp-block-group engagments-introduction__row__col left has-global-padding is-layout-constrained wp-block-group-is-layout-constrained\">\n<figure class=\"wp-block-image size-full has-custom-border engagments-introduction__row__decorative-elem thunder thunder-2 translate-up\"><img alt=\"Eclair pour boisson \u00e9nergisante\" decoding=\"async\" width=\"209\" height=\"230\" src=\"https:\/\/www.energydrink.fr\/wp-content\/uploads\/2025\/04\/eclair1-1-e1744722613693.png\" alt=\"\" class=\"wp-image-129\" style=\"border-radius:15px;object-fit:cover\"\/><\/figure>\n\n\n\n<figure class=\"wp-block-image size-large has-custom-border engagments-introduction__row__img\"><img alt=\"production boisson \u00e9nergisante\" decoding=\"async\" width=\"1024\" height=\"683\" src=\"https:\/\/www.energydrink.fr\/wp-content\/uploads\/2025\/07\/palette-canette-1024x683.webp\" alt=\"\" class=\"wp-image-1471\" style=\"border-radius:15px;object-fit:cover\" srcset=\"https:\/\/www.energydrink.fr\/wp-content\/uploads\/2025\/07\/palette-canette-1024x683.webp 1024w, https:\/\/www.energydrink.fr\/wp-content\/uploads\/2025\/07\/palette-canette-300x200.webp 300w, https:\/\/www.energydrink.fr\/wp-content\/uploads\/2025\/07\/palette-canette-768x512.webp 768w, https:\/\/www.energydrink.fr\/wp-content\/uploads\/2025\/07\/palette-canette.webp 1200w\" sizes=\"(max-width: 1024px) 100vw, 1024px\" \/><\/figure>\n<\/div>\n\n\n\n<div class=\"wp-block-group engagments-introduction__row__col right has-global-padding is-content-justification-left is-layout-constrained wp-container-core-group-is-layout-12dd3699 wp-block-group-is-layout-constrained\">\n<h2 class=\"wp-block-heading engagments-introduction__row__title\" style=\"padding-bottom:var(--wp--preset--spacing--40)\">Optimized transport and reduced carbon footprint<\/h2>\n\n\n\n<p class=\"has-text-align-left engagments-introduction__row__text has-custom-gris-fonce-color has-text-color has-link-color wp-elements-9a0b861ccabb4df2cfdc6286e0abb563\" style=\"padding-bottom:0\">We choose to work with local partners to reduce the carbon footprint associated with transport. By optimizing our production and distribution channels, we reduce the distances we travel and limit our ecological impact. This local partnership enables us not only to improve logistics efficiency, but also to promote the local economy, while contributing to a more sustainable future.  <\/p>\n<\/div>\n<\/div>\n\n\n\n<div class=\"wp-block-group engagments-introduction__row row-6 even has-global-padding is-content-justification-left is-layout-constrained wp-container-core-group-is-layout-0f0a7df8 wp-block-group-is-layout-constrained\" style=\"padding-bottom:var(--wp--preset--spacing--80)\">\n<div class=\"wp-block-group engagments-introduction__row__col left has-global-padding is-layout-constrained wp-block-group-is-layout-constrained\">\n<figure class=\"wp-block-image size-full has-custom-border engagments-introduction__row__img\"><img alt=\"boisson \u00e9nergisante production\" decoding=\"async\" width=\"1200\" height=\"800\" src=\"https:\/\/www.energydrink.fr\/wp-content\/uploads\/2025\/07\/plan-can.webp\" alt=\"\" class=\"wp-image-1474\" style=\"border-radius:15px;object-fit:cover\" srcset=\"https:\/\/www.energydrink.fr\/wp-content\/uploads\/2025\/07\/plan-can.webp 1200w, https:\/\/www.energydrink.fr\/wp-content\/uploads\/2025\/07\/plan-can-300x200.webp 300w, https:\/\/www.energydrink.fr\/wp-content\/uploads\/2025\/07\/plan-can-1024x683.webp 1024w, https:\/\/www.energydrink.fr\/wp-content\/uploads\/2025\/07\/plan-can-768x512.webp 768w\" sizes=\"(max-width: 1200px) 100vw, 1200px\" \/><\/figure>\n<\/div>\n\n\n\n<div class=\"wp-block-group engagments-introduction__row__col right has-global-padding is-content-justification-left is-layout-constrained wp-container-core-group-is-layout-12dd3699 wp-block-group-is-layout-constrained\">\n<h2 class=\"wp-block-heading engagments-introduction__row__title\" style=\"padding-bottom:var(--wp--preset--spacing--40)\">29 years of expertise<br\/>and advice at your side<\/h2>\n\n\n\n<p class=\"has-text-align-left engagments-introduction__row__text has-custom-gris-fonce-color has-text-color has-link-color wp-elements-4349b1b5b70a44170d1e22ae220a15d6\" style=\"padding-bottom:0\">Thanks to our extensive in-house skills, we can create our own recipes, enabling us to meet our specifications while keeping costs under control. Thanks to complete control of the production process and ongoing innovation, we offer quality beverages tailored to your needs. Our proven expertise ensures effective and original solutions.  <\/p>\n<\/div>\n<\/div>\n\n\n\n<div class=\"wp-block-group engagments-introduction__row row-7 odd has-global-padding is-content-justification-left is-layout-constrained wp-container-core-group-is-layout-21f8a657 wp-block-group-is-layout-constrained\" style=\"padding-bottom:7rem\">\n<figure class=\"wp-block-image size-full fruit pomme rotation\"><img alt=\"Pomme pour boisson \u00e9nergisante\" decoding=\"async\" width=\"383\" height=\"383\" src=\"https:\/\/www.energydrink.fr\/wp-content\/uploads\/2025\/04\/banane-2.png\" alt=\"\" class=\"wp-image-612\" style=\"object-fit:cover\" srcset=\"https:\/\/www.energydrink.fr\/wp-content\/uploads\/2025\/04\/banane-2.png 383w, https:\/\/www.energydrink.fr\/wp-content\/uploads\/2025\/04\/banane-2-300x300.png 300w, https:\/\/www.energydrink.fr\/wp-content\/uploads\/2025\/04\/banane-2-150x150.png 150w\" sizes=\"(max-width: 383px) 100vw, 383px\" \/><\/figure>\n\n\n\n<div class=\"wp-block-group engagments-introduction__row__col left has-global-padding is-layout-constrained wp-block-group-is-layout-constrained\">\n<figure class=\"wp-block-image size-full has-custom-border engagments-introduction__row__img\"><img alt=\"production boisson \u00e9nergisante\" decoding=\"async\" width=\"1200\" height=\"800\" src=\"https:\/\/www.energydrink.fr\/wp-content\/uploads\/2025\/07\/canette.webp\" alt=\"\" class=\"wp-image-1472\" style=\"border-radius:15px;object-fit:cover\" srcset=\"https:\/\/www.energydrink.fr\/wp-content\/uploads\/2025\/07\/canette.webp 1200w, https:\/\/www.energydrink.fr\/wp-content\/uploads\/2025\/07\/canette-300x200.webp 300w, https:\/\/www.energydrink.fr\/wp-content\/uploads\/2025\/07\/canette-1024x683.webp 1024w, https:\/\/www.energydrink.fr\/wp-content\/uploads\/2025\/07\/canette-768x512.webp 768w\" sizes=\"(max-width: 1200px) 100vw, 1200px\" \/><\/figure>\n<\/div>\n\n\n\n<div class=\"wp-block-group engagments-introduction__row__col right has-global-padding is-content-justification-left is-layout-constrained wp-container-core-group-is-layout-12dd3699 wp-block-group-is-layout-constrained\">\n<h2 class=\"wp-block-heading engagments-introduction__row__title\" style=\"padding-bottom:var(--wp--preset--spacing--40)\">Industry of the future<\/h2>\n\n\n\n<p class=\"has-text-align-left engagments-introduction__row__text has-custom-gris-fonce-color has-text-color has-link-color wp-elements-83c0e3482b23502b63e47f84393115c2\" style=\"padding-bottom:0\">In 2023, we initiated a diagnosis with the Hauts-De-France region as part of the &#8220;Industrie du Futur&#8221; project in search of innovation focused on 3 points: CSR, competitiveness and well-being at work. In 2024, we integrated a collaborative robot. This technological leap enables us to recycle our packaging, increase production speed, while offering our teams a skills upgrade. <\/p>\n<\/div>\n<\/div>\n<\/div>\n<\/div>\n\n<div class=\"wp-block-group engagments-cta-banner has-global-padding is-layout-constrained wp-block-group-is-layout-constrained\" style=\"padding-bottom:var(--wp--preset--spacing--70)\">\n<div class=\"wp-block-cover cta-banner\" style=\"border-radius:15px;padding-top:var(--wp--preset--spacing--70);padding-bottom:var(--wp--preset--spacing--70)\"><img alt=\"boisson \u00e9nergisante production usine\" decoding=\"async\" width=\"819\" height=\"1024\" class=\"wp-block-cover__image-background wp-image-1390 size-large\" alt=\"\" src=\"https:\/\/www.energydrink.fr\/wp-content\/uploads\/2025\/05\/photo-bat-819x1024.webp\" data-object-fit=\"cover\" srcset=\"https:\/\/www.energydrink.fr\/wp-content\/uploads\/2025\/05\/photo-bat-819x1024.webp 819w, https:\/\/www.energydrink.fr\/wp-content\/uploads\/2025\/05\/photo-bat-240x300.webp 240w, https:\/\/www.energydrink.fr\/wp-content\/uploads\/2025\/05\/photo-bat-768x960.webp 768w, https:\/\/www.energydrink.fr\/wp-content\/uploads\/2025\/05\/photo-bat-1229x1536.webp 1229w, https:\/\/www.energydrink.fr\/wp-content\/uploads\/2025\/05\/photo-bat.webp 1600w\" sizes=\"(max-width: 819px) 100vw, 819px\" \/><span aria-hidden=\"true\" class=\"wp-block-cover__background has-custom-noir-background-color has-background-dim\"><\/span><div class=\"wp-block-cover__inner-container has-global-padding is-layout-constrained wp-block-cover-is-layout-constrained\">\n<h2 class=\"wp-block-heading has-text-align-center cta-banner__title has-x-large-font-size\" style=\"padding-top:0;padding-bottom:var(--wp--preset--spacing--50);text-transform:uppercase\">Ready to launch your project with us?<\/h2>\n\n\n\n<p class=\"has-text-align-center cta-banner__text has-custom-gris-clair-color has-text-color has-link-color has-normal-font-size wp-elements-a1595660f246cab3be38a9a5bd64b5c6\" style=\"padding-bottom:var(--wp--preset--spacing--60)\">Avec plus de 29 ans d&#8217;expertise dans la cr\u00e9ation de boissons personnalis\u00e9es, nous allions innovation, qualit\u00e9 et responsabilit\u00e9. Notre \u00e9quipe vous accompagne \u00e0 chaque \u00e9tape de votre projet, de la conception \u00e0 la livraison, pour offrir \u00e0 vos clients une exp\u00e9rience unique.  Ready to launch your project with us?<\/p>\n\n\n\n<div class=\"wp-block-buttons is-content-justification-center is-layout-flex wp-container-core-buttons-is-layout-a89b3969 wp-block-buttons-is-layout-flex\">\n<div class=\"wp-block-button\"><a class=\"wp-block-button__link has-custom-gris-clair-background-color has-background wp-element-button\" href=\"https:\/\/www.energydrink.fr\/en\/contact\/\">Talk to us<\/a><\/div>\n<\/div>\n<\/div><\/div>\n\n\n\n<figure class=\"wp-block-image size-full is-resized thunder thunder-1\" style=\"margin-top:0;margin-bottom:80px\"><img alt=\"Eclair de boisson \u00e9nergisante\" decoding=\"async\" width=\"707\" height=\"944\" src=\"https:\/\/www.energydrink.fr\/wp-content\/uploads\/2025\/04\/thunder-1.png\" alt=\"\" class=\"wp-image-79\" style=\"width:150px\" srcset=\"https:\/\/www.energydrink.fr\/wp-content\/uploads\/2025\/04\/thunder-1.png 707w, https:\/\/www.energydrink.fr\/wp-content\/uploads\/2025\/04\/thunder-1-225x300.png 225w\" sizes=\"(max-width: 707px) 100vw, 707px\" \/><\/figure>\n<\/div>\n","protected":false},"excerpt":{"rendered":"<p>Choice of ingredients and rigorous selection of suppliers We rigorously select our suppliers, focusing on quality, transparency and innovation. We work with the industry&#8217;s benchmark players &#8211; the same ones chosen by the major groups &#8211; to guarantee you premium recipes. Our aim: to use only the best ingredients for unique, responsible recipes. Food control [&hellip;]<\/p>\n","protected":false},"author":1,"featured_media":0,"parent":0,"menu_order":0,"comment_status":"closed","ping_status":"closed","template":"wp-custom-template-a-propos","meta":{"_acf_changed":false,"_seopress_robots_primary_cat":"","_seopress_titles_title":"Our commitment to eco-friendly energy drinks - BHC Energy Drink","_seopress_titles_desc":"Discover BHC Energy Drink's commitment to the environment. We create energy drinks that are responsible and respectful of the environment.","_seopress_robots_index":"","footnotes":""},"class_list":["post-2454","page","type-page","status-publish","hentry"],"acf":[],"_links":{"self":[{"href":"https:\/\/www.energydrink.fr\/en\/wp-json\/wp\/v2\/pages\/2454","targetHints":{"allow":["GET"]}}],"collection":[{"href":"https:\/\/www.energydrink.fr\/en\/wp-json\/wp\/v2\/pages"}],"about":[{"href":"https:\/\/www.energydrink.fr\/en\/wp-json\/wp\/v2\/types\/page"}],"author":[{"embeddable":true,"href":"https:\/\/www.energydrink.fr\/en\/wp-json\/wp\/v2\/users\/1"}],"replies":[{"embeddable":true,"href":"https:\/\/www.energydrink.fr\/en\/wp-json\/wp\/v2\/comments?post=2454"}],"version-history":[{"count":1,"href":"https:\/\/www.energydrink.fr\/en\/wp-json\/wp\/v2\/pages\/2454\/revisions"}],"predecessor-version":[{"id":2455,"href":"https:\/\/www.energydrink.fr\/en\/wp-json\/wp\/v2\/pages\/2454\/revisions\/2455"}],"wp:attachment":[{"href":"https:\/\/www.energydrink.fr\/en\/wp-json\/wp\/v2\/media?parent=2454"}],"curies":[{"name":"wp","href":"https:\/\/api.w.org\/{rel}","templated":true}]}}