{"id":4169,"date":"2025-04-10T15:59:41","date_gmt":"2025-04-10T13:59:41","guid":{"rendered":"https:\/\/www.energydrink.fr\/politica-de-privacidad\/"},"modified":"2025-11-14T15:16:21","modified_gmt":"2025-11-14T14:16:21","slug":"politica-de-privacidad","status":"publish","type":"page","link":"https:\/\/www.energydrink.fr\/es\/politica-de-privacidad\/","title":{"rendered":"Pol\u00edtica de privacidad"},"content":{"rendered":"\n<div class=\"wp-block-group rgpd-hero has-global-padding is-content-justification-left is-layout-constrained wp-container-core-group-is-layout-8e13a1a3 wp-block-group-is-layout-constrained\" style=\"padding-top:var(--wp--preset--spacing--70)\">\n<p style=\"padding-bottom:0\"><nav  aria-label=\"breadcrumb\"><ol class=\"breadcrumb\" itemscope itemtype=\"https:\/\/schema.org\/BreadcrumbList\"><li class=\"breadcrumb-item active\" aria-current=\"page\" itemprop=\"itemListElement\" itemscope itemtype=\"https:\/\/schema.org\/ListItem\"><span itemprop=\"name\">Inicio<\/span><meta itemprop=\"position\" content=\"1\"><\/li><\/ol><\/nav><\/p>\n\n\n\n<h1 class=\"wp-block-heading rgpd-hero_title\" style=\"padding-top:var(--wp--preset--spacing--50);padding-bottom:var(--wp--preset--spacing--50);text-transform:uppercase\">Pol\u00edtica de privacidad<\/h1>\n<\/div>\n\n<div class=\"wp-block-group rgpd-content has-global-padding is-layout-constrained wp-container-core-group-is-layout-0633c792 wp-block-group-is-layout-constrained\" style=\"padding-top:var(--wp--preset--spacing--50);padding-bottom:var(--wp--preset--spacing--50)\">\n<p class=\"has-marron-color has-text-color has-link-color wp-elements-224c80cc019816d0f3badb17f66c31d2\">La confidencialidad de los visitantes de nuestro sitio web es muy importante para nosotros y nos comprometemos a protegerla. Esta pol\u00edtica detalla lo que hacemos con su informaci\u00f3n personal.<br\/>Nuestro delegado de protecci\u00f3n de datos es <strong>David Vandemeulebroucke<\/strong>, con quien puede ponerse en contacto por correo electr\u00f3nico en info (at) bhc-sarl.fr. <\/p>\n\n\n\n<h2 class=\"wp-block-heading\">Definiciones<\/h2>\n\n\n\n<ul class=\"wp-block-list\">\n<li>El editor del sitio web es Energy Drink, con n\u00famero SIREN 409 951 738 y sede social en <strong>ZI portuaire, 1\u00e8re avenue b\u00e2timent B, Wambrechies<\/strong> (Francia).<\/li>\n\n\n\n<li>La URL del sitio web es <strong>www.energydrink.fr.<\/strong><\/li>\n\n\n\n<li>El Sitio: El conjunto de sitios, p\u00e1ginas web y servicios en l\u00ednea ofrecidos por el Editor.<\/li>\n\n\n\n<li>El Usuario: La persona que utiliza el Sitio y los servicios.<\/li>\n<\/ul>\n\n\n\n<h2 class=\"wp-block-heading\">Naturaleza de los datos recopilados<\/h2>\n\n\n\n<p><strong>En el marco del uso de los Sitios, el Editor puede recopilar las siguientes categor\u00edas de datos sobre sus Usuarios:<\/strong><\/p>\n\n\n\n<ul class=\"wp-block-list\">\n<li>Donn\u00e9es d\u2019\u00e9tat-civil, d\u2019identit\u00e9, d\u2019identification\u2026<\/li>\n\n\n\n<li>Datos relativos a la vida personal (h\u00e1bitos de vida, situaci\u00f3n familiar&#8230;, excepto datos sensibles o peligrosos)<\/li>\n\n\n\n<li>Datos relativos a la vida profesional (CV, estudios, formaci\u00f3n profesional, distinciones, etc.)<\/li>\n\n\n\n<li>Informaci\u00f3n econ\u00f3mica y financiera (ingresos, situaci\u00f3n financiera, situaci\u00f3n fiscal, etc.).<\/li>\n\n\n\n<li>Datos de conexi\u00f3n (direcciones IP, registros de eventos, navegador utilizado, etc.)<\/li>\n\n\n\n<li>Datos de localizaci\u00f3n (desplazamientos, datos GPS, GSM, etc.)<\/li>\n\n\n\n<li>Datos obtenidos del uso de cookies que usted ha aceptado. Para obtener m\u00e1s informaci\u00f3n, puede consultar nuestra pol\u00edtica de cookies (\u00abinsertar enlace a la pol\u00edtica de cookies\u00bb).<\/li>\n<\/ul>\n\n\n\n<h2 class=\"wp-block-heading\">Uso<\/h2>\n\n\n\n<p>La informaci\u00f3n personal que se nos proporciona a trav\u00e9s de nuestro Sitio se utilizar\u00e1 para los fines descritos en esta pol\u00edtica o en las p\u00e1ginas pertinentes del sitio.<br\/>Podemos utilizar su informaci\u00f3n personal para:<\/p>\n\n\n\n<ul class=\"wp-block-list\">\n<li>Administrar nuestro sitio web y nuestra empresa;<\/li>\n\n\n\n<li>Personalizar nuestro sitio web para usted;<\/li>\n\n\n\n<li>Permitirle utilizar los servicios ofrecidos en nuestro sitio web.<\/li>\n\n\n\n<li>Entregarle y suministrarle los productos o servicios adquiridos en nuestro sitio web.<\/li>\n\n\n\n<li>Enviarle extractos, facturas y recordatorios de pago, y cobrar sus pagos.<\/li>\n\n\n\n<li>Enviarle comunicaciones comerciales no relacionadas con el marketing.<\/li>\n\n\n\n<li>Enviarle notificaciones por correo electr\u00f3nico que haya solicitado expresamente;<\/li>\n\n\n\n<li>Enviarle nuestro bolet\u00edn informativo por correo electr\u00f3nico, si lo ha solicitado (puede informarnos en cualquier momento si desea dejar de recibir nuestro bolet\u00edn informativo);<\/li>\n\n\n\n<li>Enviarle comunicaciones de marketing relacionadas con nuestra empresa o con empresas de terceros cuidadosamente seleccionadas que consideramos que pueden ser de su inter\u00e9s, en forma de publicaci\u00f3n o, si ha dado su consentimiento expreso, por correo electr\u00f3nico o tecnolog\u00eda similar (puede informarnos en cualquier momento si desea dejar de recibir comunicaciones de marketing).<\/li>\n\n\n\n<li>Proporcionar informaci\u00f3n estad\u00edstica sobre nuestros usuarios a terceros (sin que dichos terceros puedan identificar a ning\u00fan usuario individual con dicha informaci\u00f3n).<\/li>\n\n\n\n<li>Tratar las solicitudes y\/o reclamaciones relacionadas con su sitio web realizadas por usted o que le conciernen;<\/li>\n\n\n\n<li>Mantener la seguridad de nuestro sitio web y prevenir el fraude.<\/li>\n<\/ul>\n\n\n\n<p>Si env\u00eda informaci\u00f3n personal a nuestro sitio web con el fin de publicarla, la publicaremos y podremos utilizarla de acuerdo con las autorizaciones que nos conceda.<\/p>\n\n\n\n<p>Sus ajustes de privacidad pueden utilizarse para limitar la publicaci\u00f3n de su informaci\u00f3n en nuestro sitio web y pueden modificarse en los ajustes de privacidad del sitio web.<\/p>\n\n\n\n<h2 class=\"wp-block-heading\">Comunicaci\u00f3n de datos personales a terceros<\/h2>\n\n\n\n<h3 class=\"wp-block-heading\">Comunicaci\u00f3n a terceros con fines comerciales para productos y servicios equivalentes.<\/h3>\n\n\n\n<p>Sin su consentimiento expl\u00edcito y espec\u00edfico, no proporcionaremos su informaci\u00f3n personal a terceros para su comercializaci\u00f3n, ni a la de otros terceros.<\/p>\n\n\n\n<h3 class=\"wp-block-heading\">Comunicaci\u00f3n a terceros asociados<\/h3>\n\n\n\n<p>Podemos poner ciertos datos personales a disposici\u00f3n de socios estrat\u00e9gicos que trabajan con nosotros para suministrar productos y servicios o que nos ayudan a comercializar nuestros productos entre los clientes.<\/p>\n\n\n\n<p>Puede acceder a la lista de nuestros subcontratistas, socios y\/o proveedores solicit\u00e1ndola en la siguiente direcci\u00f3n: <strong>info (at) bhc-sarl.fr<\/strong><\/p>\n\n\n\n<h3 class=\"wp-block-heading\">Comunicaci\u00f3n a terceros en forma agregada y an\u00f3nima<\/h3>\n\n\n\n<p>Sus datos personales podr\u00e1n utilizarse para enriquecer nuestras bases de datos. Podr\u00e1n transmitirse a terceros tras haber sido anonimizados y exclusivamente con fines estad\u00edsticos. <\/p>\n\n\n\n<h3 class=\"wp-block-heading\">Comunicaci\u00f3n a las autoridades sobre la base de las obligaciones legales<\/h3>\n\n\n\n<p>En virtud de las obligaciones legales, sus datos personales podr\u00e1n ser divulgados en aplicaci\u00f3n de una ley, un reglamento o en virtud de una decisi\u00f3n de una autoridad reguladora o judicial competente. En general, nos comprometemos a cumplir todas las normas legales que puedan impedir, limitar o regular la difusi\u00f3n de informaci\u00f3n o datos y, en particular, a cumplir la Ley n.\u00ba 78-17, de 6 de enero de 1978, relativa a la inform\u00e1tica, los ficheros y las libertades. <\/p>\n\n\n\n<h3 class=\"wp-block-heading\">Agregaci\u00f3n de datos no personales<\/h3>\n\n\n\n<p>Podemos publicar, divulgar y utilizar informaci\u00f3n agregada (informaci\u00f3n relativa a todos nuestros Usuarios o a grupos o categor\u00edas espec\u00edficos de Usuarios que combinamos de manera que un Usuario individual ya no pueda ser identificado o mencionado) e informaci\u00f3n no personal con fines de an\u00e1lisis del sector y del mercado, elaboraci\u00f3n de perfiles demogr\u00e1ficos, fines promocionales y publicitarios y otros fines comerciales.<br\/><\/p>\n\n\n\n<h3 class=\"wp-block-heading\">Compromiso con la viralidad de las condiciones<\/h3>\n\n\n\n<p>En caso de que sus datos personales se comuniquen a un tercero, este estar\u00e1 obligado a aplicar las mismas condiciones de confidencialidad que las del Sitio.<\/p>\n\n\n\n<h2 class=\"wp-block-heading\"><strong>Informaci\u00f3n previa para la comunicaci\u00f3n de datos personales a terceros en caso de fusi\u00f3n\/absorci\u00f3n<\/strong><\/h2>\n\n\n\n<p>En caso de que participemos en una operaci\u00f3n de fusi\u00f3n, adquisici\u00f3n o cualquier otra forma de cesi\u00f3n de activos, nos comprometemos a garantizar la confidencialidad de sus datos personales y a informarle antes de que estos sean transferidos o sometidos a nuevas normas de confidencialidad.<\/p>\n\n\n\n<h2 class=\"wp-block-heading\">Transferencias internacionales de datos<\/h2>\n\n\n\n<p>La informaci\u00f3n que recopilamos puede almacenarse, procesarse y transferirse a cualquier pa\u00eds en el que operemos, con el fin de permitirnos utilizar la informaci\u00f3n de acuerdo con esta pol\u00edtica.<\/p>\n\n\n\n<p>La informaci\u00f3n que recopilamos puede transferirse a los siguientes pa\u00edses, que no cuentan con leyes de protecci\u00f3n de datos equivalentes a las vigentes en el Espacio Econ\u00f3mico Europeo: Estados Unidos de Am\u00e9rica, Rusia, Jap\u00f3n, China e India.<\/p>\n\n\n\n<p>La informaci\u00f3n personal que publique en nuestro sitio web o que env\u00ede para su publicaci\u00f3n puede estar disponible a trav\u00e9s de Internet en todo el mundo. No podemos impedir el uso, adecuado o inadecuado, de dicha informaci\u00f3n por parte de terceros. <\/p>\n\n\n\n<p>Usted acepta expresamente la transferencia de informaci\u00f3n personal descrita en esta secci\u00f3n.<\/p>\n\n\n\n<h2 class=\"wp-block-heading\">Geolocalizaci\u00f3n<\/h2>\n\n\n\n<p>Recopilamos y tratamos sus datos de geolocalizaci\u00f3n con el fin de prestarle nuestros servicios. Podemos utilizar datos personales con el fin de determinar su ubicaci\u00f3n geogr\u00e1fica en tiempo real. De conformidad con su derecho de oposici\u00f3n previsto por la ley n.\u00ba 78-17, de 6 de enero de 1978, relativa a la inform\u00e1tica, los ficheros y las libertades, usted tiene la posibilidad, en cualquier momento, de desactivar las funciones relacionadas con la geolocalizaci\u00f3n.  <\/p>\n\n\n\n<h2 class=\"wp-block-heading\">Recopilaci\u00f3n de datos del terminal<\/h2>\n\n\n\n<p><strong>Recopilaci\u00f3n de datos de perfil y datos t\u00e9cnicos con fines de prestaci\u00f3n del servicio<\/strong> El Sitio recopila autom\u00e1ticamente algunos de los datos t\u00e9cnicos de su dispositivo. Esta informaci\u00f3n incluye, en particular, su direcci\u00f3n IP, proveedor de acceso a Internet, configuraci\u00f3n de hardware, configuraci\u00f3n de software, tipo e idioma del navegador, etc. La recopilaci\u00f3n de estos datos es necesaria para la prestaci\u00f3n de los servicios.  <br\/><strong>Recopilaci\u00f3n de datos t\u00e9cnicos con fines publicitarios, comerciales y estad\u00edsticos<\/strong> Los datos t\u00e9cnicos de su dispositivo son recopilados y registrados autom\u00e1ticamente por el Sitio con fines publicitarios, comerciales y estad\u00edsticos. Esta informaci\u00f3n nos ayuda a personalizar y mejorar continuamente su experiencia en nuestro Sitio. No recopilamos ni conservamos ning\u00fan dato personal (nombre, apellidos, direcci\u00f3n, etc.) que pueda estar vinculado a datos t\u00e9cnicos.  <\/p>\n\n\n\n<h2 class=\"wp-block-heading\">Plazo de conservaci\u00f3n de los datos personales, anonimizaci\u00f3n y supresi\u00f3n<\/h2>\n\n\n\n<h3 class=\"wp-block-heading\">Conservaci\u00f3n de los datos durante la vigencia de la relaci\u00f3n contractual<\/h3>\n\n\n\n<p>Los datos personales que tratamos para cualquier fin no se conservan m\u00e1s tiempo del necesario para dicho fin o fines. De conformidad con el art\u00edculo 6-5\u00b0 de la ley n.\u00ba 78-17, de 6 de enero de 1978, relativa a la inform\u00e1tica, los ficheros y las libertades, los datos personales objeto de tratamiento no se conservan m\u00e1s all\u00e1 del tiempo necesario para el cumplimiento de las obligaciones definidas en el momento de la celebraci\u00f3n del contrato o de la duraci\u00f3n predefinida de la relaci\u00f3n contractual. <\/p>\n\n\n\n<h3 class=\"wp-block-heading\">Conservaci\u00f3n de datos anonimizados m\u00e1s all\u00e1 de la relaci\u00f3n contractual<\/h3>\n\n\n\n<p>Conservamos los datos personales durante el tiempo estrictamente necesario para cumplir con los fines descritos en las presentes Pol\u00edticas de confidencialidad (la duraci\u00f3n m\u00e1xima es de<strong> 36 meses<\/strong>). Transcurrido este plazo, se anonimizar\u00e1n y se conservar\u00e1n con fines exclusivamente estad\u00edsticos, sin que den lugar a ning\u00fan tipo de explotaci\u00f3n. <\/p>\n\n\n\n<ul class=\"wp-block-list\">\n<li>Derecho de acceso y rectificaci\u00f3n de sus datos: <\/li>\n<\/ul>\n\n\n\n<p>Tiene derecho a obtener del responsable del tratamiento la confirmaci\u00f3n de si se est\u00e1n tratando o no datos personales que le conciernen y, en tal caso, tiene derecho a acceder a ellos y\/o a rectificarlos. (V\u00e9anse los art\u00edculos 15 y 16 del RGPD). <\/p>\n\n\n\n<ul class=\"wp-block-list\">\n<li>Derecho a la supresi\u00f3n de sus datos. <\/li>\n<\/ul>\n\n\n\n<p>De conformidad con el art\u00edculo 17 del RGPD, usted tiene derecho a solicitarnos que eliminemos sus datos personales lo antes posible, por determinados motivos y en determinadas condiciones que puede consultar en dicho art\u00edculo, en los casos previstos en el mismo. <\/p>\n\n\n\n<ul class=\"wp-block-list\">\n<li>Derecho a la limitaci\u00f3n del tratamiento de datos. <\/li>\n<\/ul>\n\n\n\n<p>Tiene derecho a solicitarnos la limitaci\u00f3n del tratamiento de sus Datos Personales en los casos previstos en el art\u00edculo 18 del RGPD.<\/p>\n\n\n\n<ul class=\"wp-block-list\">\n<li>Derecho a oponerse al tratamiento de datos. <\/li>\n<\/ul>\n\n\n\n<p>De conformidad con el art\u00edculo 21 del RGPD, usted tiene derecho a oponerse al tratamiento de los datos personales que le conciernen cuando dicho tratamiento sea necesario para los fines de los intereses leg\u00edtimos perseguidos por el responsable del tratamiento o por un tercero, salvo que prevalezcan los intereses o los derechos y libertades fundamentales del interesado que exijan la protecci\u00f3n de los datos personales, en particular cuando el interesado sea un ni\u00f1o.<\/p>\n\n\n\n<ul class=\"wp-block-list\">\n<li>Derecho a la portabilidad de sus datos. <\/li>\n<\/ul>\n\n\n\n<p>Usted tiene derecho a la portabilidad de sus Datos Personales, lo que le permite recibir los Datos Personales que nos ha facilitado, en un formato estructurado, de uso com\u00fan y legible por m\u00e1quina, as\u00ed como la posibilidad de transmitir dichos datos a otro responsable del tratamiento. El ejercicio de este derecho estar\u00e1 sujeto a las condiciones previstas en el art\u00edculo 20 del RGPD. <\/p>\n\n\n\n<ul class=\"wp-block-list\">\n<li>Derecho a retirar su consentimiento. <\/li>\n<\/ul>\n\n\n\n<p>De conformidad con el art\u00edculo 7 del RGPD, en los casos en que el tratamiento se base en el consentimiento, usted tiene derecho a retirar su consentimiento en cualquier momento. Esto pondr\u00e1 fin al tratamiento de sus datos. <\/p>\n\n\n\n<ul class=\"wp-block-list\">\n<li>Derecho a definir directrices post mortem. <\/li>\n<\/ul>\n\n\n\n<p>Usted tiene la posibilidad de definir directrices relativas a la conservaci\u00f3n, la supresi\u00f3n y la comunicaci\u00f3n de sus Datos Personales tras su fallecimiento, y ello ante un tercero de confianza, certificado y encargado de hacer cumplir la voluntad del difunto de conformidad con los requisitos del marco jur\u00eddico aplicable (art\u00edculo 85 de la Ley n.\u00ba 78-17, de 6 de enero de 1978, relativa a la inform\u00e1tica, los ficheros y las libertades).<br\/><br\/><strong>Puede ejercer sus derechos de la siguiente manera<\/strong>: enviando su solicitud a la siguiente direcci\u00f3n de correo electr\u00f3nico: <a href=\"mailto:info@bhc-sarl.fr\">info@bhc-sarl.fr<\/a>, por correo postal acompa\u00f1ado de una copia de un documento de identidad dirigido a Energy Drink, ZI portuaire, 1\u00e8re avenue b\u00e2timent B, Wambrechies \u2013 Francia, o rellenando el siguiente formulario (si procede).<br\/><br\/>Tambi\u00e9n puede presentar una reclamaci\u00f3n ante la CNIL.<\/p>\n\n\n\n<h4 class=\"wp-block-heading\">Extracci\u00f3n y eliminaci\u00f3n de datos <\/h4>\n\n\n<div class=\"gdpr-data-request-block\">\t\t<form action=\"https:\/\/www.energydrink.fr\/wp-admin\/admin-ajax.php\" method=\"post\" id=\"gdrf-form\">\n\t\t\t<input type=\"hidden\" name=\"action\" value=\"gdrf_data_request\" \/>\n\t\t\t<input type=\"hidden\" name=\"gdrf_data_human_key\" id=\"gdrf_data_human_key\" value=\"90001\" \/>\n\t\t\t<input type=\"hidden\" name=\"gdrf_data_nonce\" id=\"gdrf_data_nonce\" value=\"9ff624f353\" \/>\n\n\t\t\t\t\t<div class=\"gdrf-field gdrf-field-action\" role=\"radiogroup\" aria-labelledby=\"gdrf-radio-label\">\n\t\t\t\t<p id=\"gdrf-radio-label\">\n\t\t\t\t\tSelecciona tu petici\u00f3n:\t\t\t\t<\/p>\n\n\t\t\t\t<input id=\"gdrf-data-type-export\" class=\"gdrf-data-type-input\" type=\"radio\" name=\"gdrf_data_type\" value=\"export_personal_data\" \/>\n\t\t\t\t<label for=\"gdrf-data-type-export\" class=\"gdrf-data-type-label\">\n\t\t\t\t\tExportar los datos personales\t\t\t\t<\/label>\n\t\t\t\t<br \/>\n\t\t\t\t<input id=\"gdrf-data-type-remove\" class=\"gdrf-data-type-input\" type=\"radio\" name=\"gdrf_data_type\" value=\"remove_personal_data\" \/>\n\t\t\t\t<label for=\"gdrf-data-type-remove\" class=\"gdrf-data-type-label\">\n\t\t\t\t\tEliminar los datos personales\t\t\t\t<\/label>\n\t\t\t<\/div>\n\t\t\n\t\t\t<p class=\"gdrf-field gdrf-field-email\">\n\t\t\t\t<label for=\"gdrf_data_email\">\n\t\t\t\t\tTu direcci\u00f3n de correo electr\u00f3nico (obligatoria)\t\t\t\t<\/label>\n\t\t\t\t<input type=\"email\" id=\"gdrf_data_email\" name=\"gdrf_data_email\" required \/>\n\t\t\t<\/p>\n\n\t\t\t<p class=\"gdrf-field gdrf-field-human\">\n\t\t\t\t<label for=\"gdrf_data_human\">\n\t\t\t\t\tVerificaci\u00f3n humana (obligatoria):\t\t\t\t\t9\u00a0+\u00a01\u00a0=\u00a0?\t\t\t\t<\/label>\n\t\t\t\t<input type=\"text\" id=\"gdrf_data_human\" name=\"gdrf_data_human\" required \/>\n\t\t\t<\/p>\n\n\t\t\t<p class=\"gdrf-field gdrf-field-submit\">\n\t\t\t\t<input id=\"gdrf-submit-button\" type=\"submit\" class=\"wp-element-button\" value=\"Enviar la solicitud\" \/>\n\t\t\t<\/p>\n\t\t<\/form>\n\t\t<\/div>\n\n\n<h2 class=\"wp-block-heading\">Seguridad<\/h2>\n\n\n\n<h3 class=\"wp-block-heading\">Informaci\u00f3n al usuario en caso de fallo de seguridad<\/h3>\n\n\n\n<p>Nos comprometemos a implementar todas las medidas t\u00e9cnicas y organizativas adecuadas para garantizar un nivel de seguridad adecuado frente a los riesgos de acceso accidental, no autorizado o ilegal, divulgaci\u00f3n, alteraci\u00f3n, p\u00e9rdida o destrucci\u00f3n de sus datos personales. En caso de que tengamos conocimiento de un acceso ilegal a los datos personales que le conciernen almacenados en nuestros servidores o en los de nuestros proveedores, o de un acceso no autorizado que tenga como consecuencia la materializaci\u00f3n de los riesgos identificados anteriormente, nos comprometemos a: <\/p>\n\n\n\n<ul class=\"wp-block-list\">\n<li>Notificarle el incidente lo antes posible;<\/li>\n\n\n\n<li>Examinar las causas del incidente e informarle al respecto.<\/li>\n\n\n\n<li>Tomar las medidas necesarias dentro de lo razonable para mitigar los efectos negativos y los perjuicios que puedan derivarse de dicho incidente.<\/li>\n<\/ul>\n\n\n\n<h3 class=\"wp-block-heading\">Limitaci\u00f3n de responsabilidad<\/h3>\n\n\n\n<p>En ning\u00fan caso los compromisos definidos en el punto anterior relativos a la notificaci\u00f3n en caso de fallo de seguridad podr\u00e1n asimilarse a un reconocimiento de culpa o responsabilidad por la ocurrencia del incidente en cuesti\u00f3n.<br\/>Adem\u00e1s, nuestro Sitio contiene enlaces hipertextuales que conducen a sitios web de terceros e informaci\u00f3n sobre ellos. No tenemos ning\u00fan control sobre estos sitios y no somos responsables de sus pol\u00edticas de confidencialidad ni de sus pr\u00e1cticas. <\/p>\n\n\n\n<h2 class=\"wp-block-heading\">Modificaci\u00f3n de la pol\u00edtica de privacidad<\/h2>\n\n\n\n<p>Nos comprometemos a informarle en caso de modificaciones sustanciales de la presente Pol\u00edtica de Confidencialidad, y a no reducir el nivel de confidencialidad de sus datos de manera sustancial sin informarle y obtener su consentimiento.<\/p>\n\n\n\n<p>En ocasiones, podemos actualizar esta pol\u00edtica publicando una nueva versi\u00f3n en nuestro sitio web. Nos comprometemos a informarle en caso de que se produzca un cambio sustancial en la presente Pol\u00edtica de confidencialidad y a no reducir el nivel de confidencialidad de sus datos de forma sustancial sin informarle y obtener su consentimiento. <\/p>\n\n\n\n<p>Debe consultar esta p\u00e1gina peri\u00f3dicamente para asegurarse de estar al tanto de cualquier cambio que se realice en esta pol\u00edtica.<\/p>\n\n\n\n<h2 class=\"wp-block-heading\">Legislaci\u00f3n aplicable y modalidades de recurso<\/h2>\n\n\n\n<p>La presente Pol\u00edtica de confidencialidad y el uso que usted haga del Sitio se rigen e interpretan de conformidad con la legislaci\u00f3n francesa, en particular la Ley n.\u00ba 78-17, de 6 de enero de 1978, relativa a la inform\u00e1tica, los ficheros y las libertades. La elecci\u00f3n de la legislaci\u00f3n aplicable no afecta a sus derechos como consumidor de conformidad con la legislaci\u00f3n aplicable en su lugar de residencia. Si usted es un consumidor, tanto usted como nosotros aceptamos someternos a la jurisdicci\u00f3n no exclusiva de los tribunales franceses, lo que significa que puede emprender acciones legales en relaci\u00f3n con la presente Pol\u00edtica de confidencialidad en Francia o en el pa\u00eds de la UE en el que resida. Si usted es un profesional, todas las acciones legales contra nosotros deber\u00e1n interponerse ante un tribunal de Francia.   <\/p>\n\n\n\n<p>En caso de litigio, las partes buscar\u00e1n una soluci\u00f3n amistosa antes de emprender cualquier acci\u00f3n judicial. Si estos intentos fracasan, cualquier controversia sobre la validez, interpretaci\u00f3n y\/o ejecuci\u00f3n de la Pol\u00edtica de Confidencialidad deber\u00e1 ser sometida a los tribunales franceses, incluso en caso de pluralidad de demandados o de garant\u00eda. <\/p>\n<\/div>\n","protected":false},"excerpt":{"rendered":"<p>Pol\u00edtica de privacidad La confidencialidad de los visitantes de nuestro sitio web es muy importante para nosotros y nos comprometemos a protegerla. Esta pol\u00edtica detalla lo que hacemos con su informaci\u00f3n personal.Nuestro delegado de protecci\u00f3n de datos es David Vandemeulebroucke, con quien puede ponerse en contacto por correo electr\u00f3nico en info (at) bhc-sarl.fr. Definiciones Naturaleza [&hellip;]<\/p>\n","protected":false},"author":1,"featured_media":0,"parent":0,"menu_order":0,"comment_status":"closed","ping_status":"open","template":"","meta":{"_acf_changed":false,"_seopress_robots_primary_cat":"","_seopress_titles_title":"","_seopress_titles_desc":"","_seopress_robots_index":"","footnotes":""},"class_list":["post-4169","page","type-page","status-publish","hentry"],"acf":[],"_links":{"self":[{"href":"https:\/\/www.energydrink.fr\/es\/wp-json\/wp\/v2\/pages\/4169","targetHints":{"allow":["GET"]}}],"collection":[{"href":"https:\/\/www.energydrink.fr\/es\/wp-json\/wp\/v2\/pages"}],"about":[{"href":"https:\/\/www.energydrink.fr\/es\/wp-json\/wp\/v2\/types\/page"}],"author":[{"embeddable":true,"href":"https:\/\/www.energydrink.fr\/es\/wp-json\/wp\/v2\/users\/1"}],"replies":[{"embeddable":true,"href":"https:\/\/www.energydrink.fr\/es\/wp-json\/wp\/v2\/comments?post=4169"}],"version-history":[{"count":1,"href":"https:\/\/www.energydrink.fr\/es\/wp-json\/wp\/v2\/pages\/4169\/revisions"}],"predecessor-version":[{"id":4170,"href":"https:\/\/www.energydrink.fr\/es\/wp-json\/wp\/v2\/pages\/4169\/revisions\/4170"}],"wp:attachment":[{"href":"https:\/\/www.energydrink.fr\/es\/wp-json\/wp\/v2\/media?parent=4169"}],"curies":[{"name":"wp","href":"https:\/\/api.w.org\/{rel}","templated":true}]}}