{"id":4323,"date":"2025-07-22T12:44:42","date_gmt":"2025-07-22T10:44:42","guid":{"rendered":"https:\/\/www.energydrink.fr\/cgv\/"},"modified":"2025-11-19T15:48:01","modified_gmt":"2025-11-19T14:48:01","slug":"cgv","status":"publish","type":"page","link":"https:\/\/www.energydrink.fr\/es\/cgv\/","title":{"rendered":"CGV"},"content":{"rendered":"\n<div class=\"wp-block-group rgpd-hero has-global-padding is-content-justification-left is-layout-constrained wp-container-core-group-is-layout-8e13a1a3 wp-block-group-is-layout-constrained\" style=\"padding-top:var(--wp--preset--spacing--70)\">\n<p style=\"padding-bottom:0\"><nav  aria-label=\"breadcrumb\"><ol class=\"breadcrumb\" itemscope itemtype=\"https:\/\/schema.org\/BreadcrumbList\"><li class=\"breadcrumb-item active\" aria-current=\"page\" itemprop=\"itemListElement\" itemscope itemtype=\"https:\/\/schema.org\/ListItem\"><span itemprop=\"name\">Inicio<\/span><meta itemprop=\"position\" content=\"1\"><\/li><\/ol><\/nav><\/p>\n\n\n\n<h1 class=\"wp-block-heading rgpd-hero_title\" style=\"padding-top:var(--wp--preset--spacing--50);padding-bottom:var(--wp--preset--spacing--50);text-transform:uppercase\">Condiciones generales de venta<\/h1>\n<\/div>\n\n<div class=\"wp-block-group rgpd-content has-global-padding is-layout-constrained wp-container-core-group-is-layout-0633c792 wp-block-group-is-layout-constrained\" style=\"padding-top:var(--wp--preset--spacing--50);padding-bottom:var(--wp--preset--spacing--50)\">\n<div class=\"wp-block-group has-global-padding is-layout-constrained wp-container-core-group-is-layout-346627ba wp-block-group-is-layout-constrained\">\n<p>Las presentes condiciones se aplican a la venta de productos por parte de BHC SARL en su p\u00e1gina \u00abpedido online\u00bb accesible a trav\u00e9s de Internet. Se ponen autom\u00e1ticamente a disposici\u00f3n del comprador en la p\u00e1gina de inicio del sitio web \u00abenergydrink.fr\u00bb. El comprador solo tiene que hacer clic en \u00abCondiciones generales de venta\u00bb (en adelante, CGV) para conocer las condiciones de su pedido, incluso antes de iniciar el proceso de compra.  <\/p>\n\n\n\n<p><br\/>En cons\u00e9quence, le fait de passer commande implique l&#8217;adh\u00e9sion enti\u00e8re et sans r\u00e9serve de l&#8217;acheteur \u00e0 ces C.G.V.<br\/>Le fait que le vendeur ne se pr\u00e9vale pas \u00e0 un moment donn\u00e9 de l&#8217;une des quelconques dispositions des pr\u00e9sentes ne peut \u00eatre interpr\u00e9t\u00e9 comme valant renonciation \u00e0 se pr\u00e9valoir ult\u00e9rieurement de l&#8217;une des quelconques des dites conditions.<\/p>\n\n\n\n<div style=\"height:10px\" aria-hidden=\"true\" class=\"wp-block-spacer\"><\/div>\n\n\n\n<h2 class=\"wp-block-heading\">1) QUANTIT\u00c9 MINIMUM<\/h2>\n\n\n\n<p>Los productos est\u00e1n sujetos a un pedido m\u00ednimo: paquetes de 24 latas o lotes de 6 botellas. Estos m\u00ednimos se especifican claramente en el sitio web para cada uno de los productos en cuesti\u00f3n. <\/p>\n\n\n\n<div style=\"height:10px\" aria-hidden=\"true\" class=\"wp-block-spacer\"><\/div>\n\n\n\n<h2 class=\"wp-block-heading\">2) PRECIO<\/h2>\n\n\n\n<p>Los precios se indican en euros (\u20ac). Se indican con IVA incluido. <\/p>\n\n\n\n<div style=\"height:10px\" aria-hidden=\"true\" class=\"wp-block-spacer\"><\/div>\n\n\n\n<h2 class=\"wp-block-heading\">3) FACTURACI\u00d3N<\/h2>\n\n\n\n<p>Una factura detallada acompa\u00f1ar\u00e1 por correo la entrega de su pedido. Las facturas se emiten en euros (\u20ac). Todos los pagos bancarios se realizan en euros (\u20ac).<\/p>\n\n\n\n<div style=\"height:10px\" aria-hidden=\"true\" class=\"wp-block-spacer\"><\/div>\n\n\n\n<h2 class=\"wp-block-heading\">4) GASTOS DE ENV\u00cdO<\/h2>\n\n\n\n<p>Los gastos de env\u00edo son gratuitos.<\/p>\n\n\n\n<div style=\"height:10px\" aria-hidden=\"true\" class=\"wp-block-spacer\"><\/div>\n\n\n\n<h2 class=\"wp-block-heading\">5) MODO Y PLAZOS DE ENTREGA<\/h2>\n\n\n\n<p>La entrega la realiza nuestro transportista en la direcci\u00f3n indicada por el cliente en el momento del pago (en caso de ausencia del cliente, se dejar\u00e1 un aviso de entrega).<\/p>\n\n\n\n<div style=\"height:10px\" aria-hidden=\"true\" class=\"wp-block-spacer\"><\/div>\n\n\n\n<h2 class=\"wp-block-heading\">6) PLAZOS DE ENTREGA Y DISPONIBILIDAD<\/h2>\n\n\n\n<p>BHC SARL prev\u00e9 un plazo de entrega normalmente muy corto. Este plazo no deber\u00eda superar los 6 d\u00edas laborables para Francia. En caso de indisponibilidad del producto solicitado, se informar\u00e1 al consumidor lo antes posible y tendr\u00e1 la posibilidad de cancelar su pedido.  <\/p>\n\n\n\n<div style=\"height:10px\" aria-hidden=\"true\" class=\"wp-block-spacer\"><\/div>\n\n\n\n<h2 class=\"wp-block-heading\">7 ) Conditionces de pago<\/h2>\n\n\n\n<p>El cliente solo puede pagar con el sistema Paypal (Mastercard o tarjeta de cr\u00e9dito). La empresa BHC SARL se reserva el derecho de cancelar o suspender cualquier pedido en caso de impago o de denegaci\u00f3n de la autorizaci\u00f3n de pago con tarjeta bancaria por parte de los organismos oficialmente acreditados. BHC SARL podr\u00e1 rechazar o suspender cualquier pedido validado por un cliente que no haya pagado \u00edntegramente un pedido anterior.  <\/p>\n\n\n\n<div style=\"height:10px\" aria-hidden=\"true\" class=\"wp-block-spacer\"><\/div>\n\n\n\n<h2 class=\"wp-block-heading\">8) TRANSPORTE Y RESPONDABILIDAD<\/h2>\n\n\n\n<p>Las mercanc\u00edas viajan por su cuenta y riesgo. Por lo tanto, es su responsabilidad verificar el contenido del paquete en el momento de la entrega y formular reservas, si procede, de la siguiente manera: En el albar\u00e1n de entrega proporcionado por el transportista o llamando inmediatamente al servicio de atenci\u00f3n al cliente del transportista, en presencia del repartidor:  <br\/><br\/>Entregas en FRANCIA METROPOLITANA y C\u00d3RCEGA:<br\/>Y, en todos los casos, notific\u00e1ndolo a la empresa \u00abBHC SARL\u00bb mediante carta certificada enviada a su sede social, situada en 23 rue de Gamand, 59810 Lesquin, en un plazo de tres (3) d\u00edas a partir de la recepci\u00f3n del paquete.<\/p>\n\n\n\n<div style=\"height:10px\" aria-hidden=\"true\" class=\"wp-block-spacer\"><\/div>\n\n\n\n<h2 class=\"wp-block-heading\">9)  DEVOLUCI\u00d3N DEL PRODUCTO<\/h2>\n\n\n\n<p>Su derecho:<br\/>En aplicaci\u00f3n del art\u00edculo L. 121-16 del C\u00f3digo de Consumo, usted tiene la posibilidad de devolver, a su cargo, a la direcci\u00f3n de nuestra sede indicada en el art\u00edculo 1, el producto en un plazo de siete (7) d\u00edas a partir de la entrega, para su cambio o reembolso, en buen estado y en su embalaje original con la factura original.<\/p>\n\n\n\n<p><br\/>Asunci\u00f3n de los gastos de devoluci\u00f3n \u00abBHC SARL\u00bb solo asumir\u00e1 los gastos de devoluci\u00f3n (seg\u00fan la tarifa b\u00e1sica vigente) si se cumplen simult\u00e1neamente las dos condiciones siguientes:<br\/><\/p>\n\n\n\n<ul class=\"wp-block-list\">\n<li>La entrega no se ajusta al pedido.<\/li>\n\n\n\n<li>Ha presentado reservas al transportista (v\u00e9ase el art\u00edculo 8: transporte y responsabilidad).<br\/><\/li>\n<\/ul>\n\n\n\n<p>En ese caso, p\u00f3ngase en contacto con nuestro servicio de atenci\u00f3n al cliente info(at)energydrink.fr.<\/p>\n\n\n\n<div style=\"height:10px\" aria-hidden=\"true\" class=\"wp-block-spacer\"><\/div>\n\n\n\n<h2 class=\"wp-block-heading\">10) RESERVA DE PROPIEDAD<\/h2>\n\n\n\n<p>Hasta el pago efectivo e \u00edntegro del precio, BHC SARL seguir\u00e1 siendo propietaria de los bienes vendidos. El pago completo supondr\u00e1 la transferencia de la propiedad, sin embargo, el comprador se har\u00e1 responsable de los art\u00edculos desde el momento de la entrega, ya que la transferencia de la posesi\u00f3n supone la transferencia de los riesgos. <\/p>\n\n\n\n<div style=\"height:10px\" aria-hidden=\"true\" class=\"wp-block-spacer\"><\/div>\n\n\n\n<h2 class=\"wp-block-heading\">11) INFORM\u00c1TICA Y LIBERTADES<\/h2>\n\n\n\n<p>De conformidad con la ley francesa sobre protecci\u00f3n de datos personales del 6 de enero de 1978, usted tiene derecho a acceder, rectificar, modificar y eliminar los datos que le conciernen.<br\/>Puede ejercer este derecho envi\u00e1ndonos una carta a la siguiente direcci\u00f3n:<br\/>BHC SARL 23 rue de gamand, 59810 Lesquin.<\/p>\n\n\n\n<div style=\"height:10px\" aria-hidden=\"true\" class=\"wp-block-spacer\"><\/div>\n\n\n\n<h2 class=\"wp-block-heading\">12) ATRIBUCI\u00d3N DE JURISDICCI\u00d3N<\/h2>\n\n\n\n<p>El pedido implica la aceptaci\u00f3n plena e irrevocable de todas las cl\u00e1usulas y condiciones generales de venta. En caso de litigio, el tribunal de Lille ser\u00e1 el \u00fanico competente. <\/p>\n\n\n\n<div style=\"height:10px\" aria-hidden=\"true\" class=\"wp-block-spacer\"><\/div>\n<\/div>\n<\/div>\n","protected":false},"excerpt":{"rendered":"<p>Condiciones generales de venta Las presentes condiciones se aplican a la venta de productos por parte de BHC SARL en su p\u00e1gina \u00abpedido online\u00bb accesible a trav\u00e9s de Internet. Se ponen autom\u00e1ticamente a disposici\u00f3n del comprador en la p\u00e1gina de inicio del sitio web \u00abenergydrink.fr\u00bb. El comprador solo tiene que hacer clic en \u00abCondiciones generales [&hellip;]<\/p>\n","protected":false},"author":1,"featured_media":0,"parent":0,"menu_order":0,"comment_status":"closed","ping_status":"closed","template":"","meta":{"_acf_changed":false,"_seopress_robots_primary_cat":"","_seopress_titles_title":"","_seopress_titles_desc":"","_seopress_robots_index":"","footnotes":""},"class_list":["post-4323","page","type-page","status-publish","hentry"],"acf":[],"_links":{"self":[{"href":"https:\/\/www.energydrink.fr\/es\/wp-json\/wp\/v2\/pages\/4323","targetHints":{"allow":["GET"]}}],"collection":[{"href":"https:\/\/www.energydrink.fr\/es\/wp-json\/wp\/v2\/pages"}],"about":[{"href":"https:\/\/www.energydrink.fr\/es\/wp-json\/wp\/v2\/types\/page"}],"author":[{"embeddable":true,"href":"https:\/\/www.energydrink.fr\/es\/wp-json\/wp\/v2\/users\/1"}],"replies":[{"embeddable":true,"href":"https:\/\/www.energydrink.fr\/es\/wp-json\/wp\/v2\/comments?post=4323"}],"version-history":[{"count":1,"href":"https:\/\/www.energydrink.fr\/es\/wp-json\/wp\/v2\/pages\/4323\/revisions"}],"predecessor-version":[{"id":4324,"href":"https:\/\/www.energydrink.fr\/es\/wp-json\/wp\/v2\/pages\/4323\/revisions\/4324"}],"wp:attachment":[{"href":"https:\/\/www.energydrink.fr\/es\/wp-json\/wp\/v2\/media?parent=4323"}],"curies":[{"name":"wp","href":"https:\/\/api.w.org\/{rel}","templated":true}]}}