{"id":5275,"date":"2025-04-14T12:15:59","date_gmt":"2025-04-14T10:15:59","guid":{"rendered":"https:\/\/www.energydrink.fr\/politica-de-cookies\/"},"modified":"2025-12-08T14:45:09","modified_gmt":"2025-12-08T13:45:09","slug":"politica-de-cookies","status":"publish","type":"page","link":"https:\/\/www.energydrink.fr\/es\/politica-de-cookies\/","title":{"rendered":"Pol\u00edtica de cookies"},"content":{"rendered":"\n<div class=\"wp-block-group rgpd-hero has-global-padding is-content-justification-left is-layout-constrained wp-container-core-group-is-layout-8e13a1a3 wp-block-group-is-layout-constrained\" style=\"padding-top:var(--wp--preset--spacing--70)\">\n<p style=\"padding-bottom:0\"><nav  aria-label=\"breadcrumb\"><ol class=\"breadcrumb\" itemscope itemtype=\"https:\/\/schema.org\/BreadcrumbList\"><li class=\"breadcrumb-item active\" aria-current=\"page\" itemprop=\"itemListElement\" itemscope itemtype=\"https:\/\/schema.org\/ListItem\"><span itemprop=\"name\">Inicio<\/span><meta itemprop=\"position\" content=\"1\"><\/li><\/ol><\/nav><\/p>\n\n\n\n<h1 class=\"wp-block-heading rgpd-hero_title\" style=\"padding-top:var(--wp--preset--spacing--50);padding-bottom:var(--wp--preset--spacing--50);text-transform:uppercase\">Pol\u00edtica<br\/><span class=\"heading-scale-120\">de Cookies<\/span><\/h1>\n<\/div>\n\n<div class=\"wp-block-group rgpd-content has-global-padding is-layout-constrained wp-container-core-group-is-layout-0633c792 wp-block-group-is-layout-constrained\" style=\"padding-top:var(--wp--preset--spacing--50);padding-bottom:var(--wp--preset--spacing--50)\">\n<div class=\"wp-block-group has-global-padding is-layout-constrained wp-block-group-is-layout-constrained\">\n<p>Definiciones :<br\/><\/p>\n\n\n\n<ul class=\"wp-block-list\">\n<li>El Editor del sitio <strong>BHC Sarl<\/strong>, cuyo n\u00famero SIREN es <strong>409 951 738, <\/strong>y cuyo domicilio social se encuentra en ZI portuaire, <strong>1\u00e8re avenue b\u00e2timent B, Wambrechies \u2013 France<\/strong>.<\/li>\n\n\n\n<li>La URL del sitio web es <strong>www.energydrink.fr.<\/strong><\/li>\n\n\n\n<li>El Sitio: El conjunto de sitios, p\u00e1ginas web y servicios en l\u00ednea ofrecidos por el Editor.<\/li>\n\n\n\n<li>El Usuario: La persona que utiliza el Sitio y los servicios.<\/li>\n<\/ul>\n\n\n\n<div style=\"height:20px\" aria-hidden=\"true\" class=\"wp-block-spacer\"><\/div>\n\n\n\n<h2 class=\"wp-block-heading\"><strong>Uso de cookies<br\/><\/strong><\/h2>\n\n\n\n<p>Se informa al usuario de que el sitio puede utilizar cookies, rastreadores y\/o identificadores de sesi\u00f3n.<br\/><\/p>\n\n\n\n<p>Estos pueden instalarse en su terminal, bajo reserva de las elecciones y opciones que usted haya expresado o pueda expresar en cualquier momento conforme a la presente pol\u00edtica de uso y gesti\u00f3n de cookies.<br\/><\/p>\n\n\n\n<p><\/p>\n\n\n\n<div style=\"height:20px\" aria-hidden=\"true\" class=\"wp-block-spacer\"><\/div>\n\n\n\n<h2 class=\"wp-block-heading\"><strong>\u00bfPor qu\u00e9 esta pol\u00edtica de uso y gesti\u00f3n de cookies?<\/strong><\/h2>\n\n\n\n<p>Con el objetivo de ofrecer informaci\u00f3n y transparencia, la presente pol\u00edtica de cookies tiene como finalidad permitir al usuario conocer el origen y el prop\u00f3sito de la informaci\u00f3n de navegaci\u00f3n tratada durante su consulta de los sitios y sus derechos.<br\/><\/p>\n\n\n\n<div style=\"height:20px\" aria-hidden=\"true\" class=\"wp-block-spacer\"><\/div>\n\n\n\n<h2 class=\"wp-block-heading\"><strong>\u00bfQu\u00e9 son las cookies?<br\/><\/strong><\/h2>\n\n\n\n<p>Las cookies son datos utilizados por un servidor para enviar informaci\u00f3n de estado al navegador de un usuario, y por este navegador para devolver informaci\u00f3n de estado al servidor de origen.<br\/><\/p>\n\n\n\n<p>La informaci\u00f3n de estado puede ser, por ejemplo, un identificador de sesi\u00f3n, un idioma, una fecha de expiraci\u00f3n, un dominio de respuesta, etc.<br\/><\/p>\n\n\n\n<p>Las cookies permiten conservar, durante la vigencia del cookie correspondiente, informaci\u00f3n de estado cuando un navegador accede a distintas p\u00e1ginas de un sitio web o cuando el navegador regresa posteriormente a dicho sitio web.<br\/><\/p>\n\n\n\n<p>Solo el emisor de una cookie puede leer o modificar la informaci\u00f3n contenida en ella.<br\/><\/p>\n\n\n\n<p>Existen diferentes tipos de cookies:<br\/><br\/><\/p>\n\n\n\n<ul class=\"wp-block-list\">\n<li>cookies de sesi\u00f3n, que desaparecen en cuanto abandona el sitio correspondiente;<br\/><\/li>\n\n\n\n<li>cookies permanentes, que permanecen en su terminal hasta que expiran, hasta que retire su consentimiento para su dep\u00f3sito en nuestro sitio web o hasta que las elimine mediante las funciones de su navegador.<br\/><\/li>\n<\/ul>\n\n\n\n<div style=\"height:20px\" aria-hidden=\"true\" class=\"wp-block-spacer\"><\/div>\n\n\n\n<h2 class=\"wp-block-heading\"><strong>\u00bfPor qu\u00e9 utilizamos cookies?<\/strong><\/h2>\n\n\n\n<p>Algunas cookies tienen como \u00fanica finalidad permitir o facilitar la comunicaci\u00f3n electr\u00f3nica.<br\/><\/p>\n\n\n\n<p>Otras son estrictamente necesarias para proporcionar un servicio de comunicaci\u00f3n en l\u00ednea solicitado expresamente por usted.<br\/><\/p>\n\n\n\n<p>Otras m\u00e1s se utilizan para mejorar la navegaci\u00f3n mediante el an\u00e1lisis del comportamiento de navegaci\u00f3n de los usuarios.<br\/><\/p>\n\n\n\n<p>Las principales finalidades de las cookies utilizadas son:<\/p>\n\n\n\n<ul class=\"wp-block-list\">\n<li>permitir el correcto funcionamiento del sitio web<br\/> <\/li>\n\n\n\n<li>contabilizar visitantes e identificar c\u00f3mo utilizan los sitios<br\/><\/li>\n\n\n\n<li>contabilizar y diferenciar visitas<br\/><\/li>\n\n\n\n<li>adaptar la visualizaci\u00f3n seg\u00fan sus preferencias y las caracter\u00edsticas de su terminal<br\/><\/li>\n\n\n\n<li>identificar desde qu\u00e9 sitio o motor de b\u00fasqueda lleg\u00f3 a nuestros sitios<br\/><\/li>\n\n\n\n<li>gestionar y seguir sus elecciones en materia de cookies<br\/><\/li>\n\n\n\n<li>gestionar sesiones de usuario y funciones de su navegador<br\/><\/li>\n\n\n\n<li>realizar estad\u00edsticas y an\u00e1lisis de tr\u00e1fico, uso, navegaci\u00f3n y medici\u00f3n de audiencia de los sitios y sus distintos espacios, con el fin de mejorarlos.<br\/><\/li>\n<\/ul>\n\n\n\n<div style=\"height:20px\" aria-hidden=\"true\" class=\"wp-block-spacer\"><\/div>\n\n\n\n<h2 class=\"wp-block-heading\"><strong>\u00bfQu\u00e9 cookies utilizamos?<br\/><\/strong><\/h2>\n\n\n\n<h3 class=\"wp-block-heading\"><strong>Estad\u00edsticas y An\u00e1lisis de Audiencia<br\/><\/strong><\/h3>\n\n\n\n<div style=\"height:10px\" aria-hidden=\"true\" class=\"wp-block-spacer\"><\/div>\n\n\n\n<ol style=\"line-height:1.6\" class=\"wp-block-list\">\n<li><strong>Google Analytics<\/strong>\n<ul class=\"wp-block-list\">\n<li><strong>Objetivo<\/strong>: Seguimiento y an\u00e1lisis de visitas para optimizar la experiencia del usuario.<\/li>\n\n\n\n<li><strong>Duraci\u00f3n<\/strong>: _ga (2 a\u00f1os), _gid (24 horas), _gat (1 minuto), gac* (90 d\u00edas), _utm* (6 meses m\u00e1ximo, seg\u00fan tipo).<\/li>\n<\/ul>\n<\/li>\n<\/ol>\n\n\n\n<hr class=\"wp-block-separator has-alpha-channel-opacity\" style=\"margin-top:var(--wp--preset--spacing--70);margin-bottom:var(--wp--preset--spacing--70)\"\/>\n\n\n\n<ol style=\"line-height:1.6\" class=\"wp-block-list\">\n<li><strong>Facebook<\/strong>\n<ul class=\"wp-block-list\">\n<li><strong>Objetivo<\/strong>: Compartir en redes sociales y publicidad personalizada.<\/li>\n\n\n\n<li><strong>Duraci\u00f3n<\/strong>: _fbp (3 meses), fr (3 meses).<\/li>\n<\/ul>\n<\/li>\n\n\n\n<li><strong>Twitter<\/strong>\n<ul class=\"wp-block-list\">\n<li><strong>Objetivo<\/strong>: Seguimiento de interacciones y personalizaci\u00f3n del contenido.<\/li>\n\n\n\n<li><strong>Duraci\u00f3n<\/strong>: personalization_id (2 a\u00f1os), guest_id (2 a\u00f1os).<\/li>\n<\/ul>\n<\/li>\n\n\n\n<li><strong>LinkedIn<\/strong>\n<ul class=\"wp-block-list\">\n<li><strong>Objetivo<\/strong>: Seguimiento de visitantes y publicidad dirigida.<\/li>\n\n\n\n<li><strong>Duraci\u00f3n<\/strong>: li_sugr (3 meses), bcookie (2 a\u00f1os).<\/li>\n<\/ul>\n<\/li>\n<\/ol>\n\n\n\n<hr class=\"wp-block-separator has-alpha-channel-opacity\" style=\"margin-top:var(--wp--preset--spacing--70);margin-bottom:var(--wp--preset--spacing--70)\"\/>\n\n\n\n<ol style=\"line-height:1.6\" class=\"wp-block-list\">\n<li><strong>Google Ads<\/strong>\n<ul class=\"wp-block-list\">\n<li><strong>Objetivo<\/strong>: Difusi\u00f3n de publicidad relevante y segmentada.<\/li>\n\n\n\n<li><strong>Duraci\u00f3n<\/strong>: IDE (1 a\u00f1o), NID (6 meses). DoubleClick (Google)<\/li>\n\n\n\n<li><strong>Objetivo<\/strong>: Publicidad dirigida y limitaci\u00f3n de frecuencia.<\/li>\n\n\n\n<li>Duraci\u00f3n: id (2 a\u00f1os), __gads (2 a\u00f1os). <strong>Criteo<\/strong><\/li>\n\n\n\n<li><strong>Objetivo<\/strong>: Publicidad personalizada en funci\u00f3n de la navegaci\u00f3n.<\/li>\n\n\n\n<li><strong>Duraci\u00f3n<\/strong>: uid (1 a\u00f1o), udc (6 meses).<\/li>\n<\/ul>\n<\/li>\n<\/ol>\n\n\n\n<div style=\"height:20px\" aria-hidden=\"true\" class=\"wp-block-spacer\"><\/div>\n\n\n\n<h2 class=\"wp-block-heading\"><strong>Informaci\u00f3n sobre el sitio web<br\/><\/strong><\/h2>\n\n\n\n<p>El editor le informa de que puede retirar en cualquier momento su consentimiento a todos o parte de nuestras cookies haciendo clic en el bot\u00f3n RGPD disponible en la esquina inferior izquierda de su pantalla. Para ello, basta con rechazar el uso de todas las cookies (excepto las necesarias para el correcto funcionamiento del sitio) o seleccionar \u00fanicamente las cookies que desea conservar.<br\/> <\/p>\n\n\n\n<p>El editor, durante su visita, tambi\u00e9n le informa de la posibilidad de rechazar la instalaci\u00f3n de cookies configurando su navegador. Para ello, dispone de varios m\u00e9todos, definidos a continuaci\u00f3n.<br\/> <\/p>\n\n\n\n<p>El usuario puede configurar su navegador para aceptar o rechazar las cookies caso por caso antes de su instalaci\u00f3n. Asimismo, puede eliminar peri\u00f3dicamente las cookies de su terminal mediante su navegador.<br\/> <\/p>\n\n\n\n<p>Para la gesti\u00f3n de cookies y las elecciones del usuario, la configuraci\u00f3n de cada navegador es diferente. Se describe en el men\u00fa de ayuda del navegador utilizado, y permite saber c\u00f3mo modificar sus preferencias en materia de cookies. A modo de ejemplo:<br\/>  <\/p>\n\n\n\n<ul class=\"wp-block-list\">\n<li>para Internet Explorer\u2122 : <a href=\"http:\/\/windows.microsoft.com\/fr-FR\/windows-vista\/Block-or-allow-cookies\">http:\/\/windows.microsoft.com\/fr-FR\/windows-vista\/Block-or-allow-cookies<\/a> ;<\/li>\n\n\n\n<li>para Safari\u2122 :<br\/><a href=\"http:\/\/www.apple.com\/legal\/privacy\/fr-ww\/cookies\/\">http:\/\/www.apple.com\/legal\/privacy\/fr-ww\/cookies\/<\/a> ;<\/li>\n\n\n\n<li>Para Chrome\u2122: <a href=\"http:\/\/support.google.com\/chrome\/bin\/answer.py?hl=fr&amp;hlrm=en&amp;answer=95647\">http:\/\/support.google.com\/chrome\/bin\/answer.py?hl=fr&amp;hlrm=en&amp;answer=95647<\/a><\/li>\n\n\n\n<li>Para Firefox\u2122 :<br\/><a href=\"http:\/\/support.mozilla.org\/fr\/kb\/Activer%20et%20d%C3%A9sactiver%20les%20cookies\">http:\/\/support.mozilla.org\/fr\/kb\/Activer%20et%20d%C3%A9sactiver%20les%20cookies<\/a> ;<\/li>\n\n\n\n<li>Para Opera\u2122 :<br\/><a href=\"http:\/\/help.opera.com\/Windows\/10.20\/fr\/cookies.html\">http:\/\/help.opera.com\/Windows\/10.20\/fr\/cookies.html<\/a> ;<\/li>\n<\/ul>\n\n\n\n<p>En cualquier caso, el usuario puede consultar la secci\u00f3n de ayuda de su navegador para saber c\u00f3mo elegir qu\u00e9 cookies acepta o rechaza.<br\/><\/p>\n\n\n\n<p>De todo lo anterior se desprende que el registro de una cookie en su terminal depende esencialmente de su voluntad, que puede expresar y modificar gratuitamente en cualquier momento mediante las opciones disponibles en su navegador.<br\/><\/p>\n\n\n\n<p>Si su navegador est\u00e1 configurado para aceptar cookies, estas podr\u00e1n almacenarse temporalmente en un espacio dedicado dentro de su terminal. Solo ser\u00e1n legibles por su emisor.<br\/> <\/p>\n\n\n\n<p>A la inversa, puede configurar su navegador para rechazar las cookies. No obstante, tenga en cuenta que, al rechazar las cookies, ciertas funciones, p\u00e1ginas o espacios del sitio podr\u00edan no ser accesibles, y el editor no ser\u00e1 responsable de ello.<br\/> <\/p>\n\n\n\n<p>Tambi\u00e9n llamamos la atenci\u00f3n del usuario sobre el hecho de que, si se opone a la instalaci\u00f3n o uso de una cookie, puede que se instale una cookie de rechazo en su dispositivo. Si esta cookie de rechazo se elimina, ya no ser\u00e1 posible identificarle como usuario que rechaz\u00f3 el uso de cookies.<br\/> <\/p>\n\n\n\n<div style=\"height:20px\" aria-hidden=\"true\" class=\"wp-block-spacer\"><\/div>\n\n\n\n<h2 class=\"wp-block-heading\"><strong>Para m\u00e1s informaci\u00f3n<br\/><\/strong><\/h2>\n\n\n\n<p>Para m\u00e1s informaci\u00f3n sobre las cookies, puede consultar el sitio de la CNIL en la siguiente direcci\u00f3n: <a href=\"http:\/\/www.cnil.fr\/vos-droits\/vos-traces\/les-cookies\/\">http:\/\/www.cnil.fr\/vos-droits\/vos-traces\/les-cookies\/<\/a><\/p>\n\n\n\n<div style=\"height:20px\" aria-hidden=\"true\" class=\"wp-block-spacer\"><\/div>\n\n\n\n<h2 class=\"wp-block-heading\"><strong>\u00bfCu\u00e1les son sus derechos?<br\/><\/strong><\/h2>\n\n\n\n<p>Adem\u00e1s del derecho a modificar en cualquier momento su elecci\u00f3n sobre qu\u00e9 cookies se instalan en su terminal, usted dispone de un derecho de consulta, acceso, rectificaci\u00f3n, supresi\u00f3n y portabilidad de sus datos, as\u00ed como del derecho a obtener la limitaci\u00f3n de su tratamiento y un derecho de oposici\u00f3n al tratamiento de sus datos. Tambi\u00e9n dispone del derecho a definir directrices relativas a la conservaci\u00f3n, eliminaci\u00f3n y comunicaci\u00f3n de sus datos despu\u00e9s de su fallecimiento.<br\/>  <\/p>\n\n\n\n<p><strong>Puede ejercer sus derechos de la siguiente manera:<br\/> <\/strong><\/p>\n\n\n\n<p>Enviando su solicitud a la siguiente direcci\u00f3n de correo electr\u00f3nico: info (at) bhc-sarl.fr, o por correo postal acompa\u00f1ado de una copia de un documento de identidad a <strong>BHC Sarl, ZI portuaire, 1\u00e8re avenue b\u00e2timent B, Wambrechies \u2013 France.<\/strong><\/p>\n\n\n\n<p>Por \u00faltimo, dispone de la posibilidad de presentar una reclamaci\u00f3n ante la Commission Nationale de l\u2019Informatique et des Libert\u00e9s (CNIL).<\/p>\n\n\n\n<p><\/p>\n<\/div>\n<\/div>\n\n<p><\/p>\n","protected":false},"excerpt":{"rendered":"<p>Pol\u00edticade Cookies Definiciones : Uso de cookies Se informa al usuario de que el sitio puede utilizar cookies, rastreadores y\/o identificadores de sesi\u00f3n. Estos pueden instalarse en su terminal, bajo reserva de las elecciones y opciones que usted haya expresado o pueda expresar en cualquier momento conforme a la presente pol\u00edtica de uso y gesti\u00f3n [&hellip;]<\/p>\n","protected":false},"author":1,"featured_media":0,"parent":0,"menu_order":0,"comment_status":"closed","ping_status":"closed","template":"","meta":{"_acf_changed":false,"_seopress_robots_primary_cat":"","_seopress_titles_title":"","_seopress_titles_desc":"","_seopress_robots_index":"","footnotes":""},"class_list":["post-5275","page","type-page","status-publish","hentry"],"acf":[],"_links":{"self":[{"href":"https:\/\/www.energydrink.fr\/es\/wp-json\/wp\/v2\/pages\/5275","targetHints":{"allow":["GET"]}}],"collection":[{"href":"https:\/\/www.energydrink.fr\/es\/wp-json\/wp\/v2\/pages"}],"about":[{"href":"https:\/\/www.energydrink.fr\/es\/wp-json\/wp\/v2\/types\/page"}],"author":[{"embeddable":true,"href":"https:\/\/www.energydrink.fr\/es\/wp-json\/wp\/v2\/users\/1"}],"replies":[{"embeddable":true,"href":"https:\/\/www.energydrink.fr\/es\/wp-json\/wp\/v2\/comments?post=5275"}],"version-history":[{"count":1,"href":"https:\/\/www.energydrink.fr\/es\/wp-json\/wp\/v2\/pages\/5275\/revisions"}],"predecessor-version":[{"id":5276,"href":"https:\/\/www.energydrink.fr\/es\/wp-json\/wp\/v2\/pages\/5275\/revisions\/5276"}],"wp:attachment":[{"href":"https:\/\/www.energydrink.fr\/es\/wp-json\/wp\/v2\/media?parent=5275"}],"curies":[{"name":"wp","href":"https:\/\/api.w.org\/{rel}","templated":true}]}}